{"id":4334,"date":"2024-09-27T03:26:46","date_gmt":"2024-09-27T06:26:46","guid":{"rendered":"https:\/\/congresso.alames.org\/organizacion\/"},"modified":"2025-07-22T00:29:36","modified_gmt":"2025-07-22T03:29:36","slug":"organizacion","status":"publish","type":"page","link":"https:\/\/congresso.alames.org\/es\/organizacion\/","title":{"rendered":"Organizaci\u00f3n"},"content":{"rendered":"<div class=\"wpb-content-wrapper\"><p>[vc_row][vc_column]\n        <div class=\"rs-heading    center\">\n        \t<div class=\"title-inner\">\n\t            \n\t            <div class=\"title-img\"><img decoding=\"async\" src=\" \" \/><\/div>\n\t            <h2  style=background:url( )><span class=\"watermark\">Central<\/span>Comit\u00e9 Central<\/h2>\n\t        <\/div><div class=\"description\"><p ><\/p>\n<div id=\"acfifjfajpekbmhmjppnmmjgmhjkildl\" class=\"acfifjfajpekbmhmjppnmmjgmhjkildl\"><\/div>\n<p><\/p><\/div><\/div>[vc_column_text]<\/p>\n<p style=\"text-align: center;\">Ana Maria Costa (Coordena\u00e7\u00e3o Geral)<br \/>\n<em>Universidade do Distrito Federal [<a href=\"http:\/\/lattes.cnpq.br\/7288065169001393\" target=\"_blank\" rel=\"noopener\">Curr\u00edculo Lattes<\/a>]<\/em><\/p>\n<p style=\"text-align: center;\">Ana Tereza da Silva Pereira Camargo<br \/>\n<span style=\"font-weight: 400;\"><em>Centro Brasileiro de Estudos em Sa\u00fade <\/em><\/span><em>[<a href=\"http:\/\/lattes.cnpq.br\/3009782498698786\" target=\"_blank\" rel=\"noopener\">Curr\u00edculo Lattes<\/a>]<\/em><\/p>\n<p style=\"text-align: center;\"><span style=\"font-weight: 400;\">Andr\u00e9 Luiz da Silva Lima<br \/>\n<\/span><em><span style=\"font-weight: 400;\">Centro Brasileiro de Estudos em Sa\u00fade<\/span> [<a href=\"http:\/\/lattes.cnpq.br\/6477396608217682\">Curr\u00edculo Lattes<\/a>]<\/em><\/p>\n<p style=\"text-align: center;\">Carlos Fidelis da Ponte<br \/>\n<span style=\"font-weight: 400;\"><em>Funda\u00e7\u00e3o Oswaldo Cruz<\/em><\/span><em>\u00a0[<a href=\"http:\/\/lattes.cnpq.br\/7930021722175518\" target=\"_blank\" rel=\"noopener\">Curr\u00edculo Lattes<\/a>]<\/em><\/p>\n<p style=\"text-align: center;\">Lenaura de Vasconcelos Costa Lobato<br \/>\n<em>Universidade Federal Fluminense [<a href=\"http:\/\/lattes.cnpq.br\/0424725782547579\" target=\"_blank\" rel=\"noopener\">Curr\u00edculo Lattes<\/a>]<\/em><\/p>\n<p style=\"text-align: center;\">Maria L\u00facia Freitas<br \/>\n<em>Universidade Fede ral do Rio de Janeiro [<a href=\"http:\/\/lattes.cnpq.br\/3035759270138643\">Curr\u00edculo Lattes<\/a>]<\/em><\/p>\n<p style=\"text-align: center;\">Maria Lucia Frizon Rizzotto<br \/>\n<span style=\"font-weight: 400;\"><em>Universidade Estadual do Oeste do Paran\u00e1 <\/em><\/span><em>[<a href=\"http:\/\/lattes.cnpq.br\/7877904356698023\" target=\"_blank\" rel=\"noopener\">Curr\u00edculo Lattes<\/a>]<\/em><\/p>\n<div id=\"gtx-trans\" style=\"position: absolute; left: 297px; top: 158px;\">\n<div class=\"gtx-trans-icon\"><\/div>\n<\/div>\n<p>[\/vc_column_text][\/vc_column][\/vc_row][vc_row][vc_column]\n        <div class=\"rs-heading    center\">\n        \t<div class=\"title-inner\">\n\t            \n\t            <div class=\"title-img\"><img decoding=\"async\" src=\" \" \/><\/div>\n\t            <h2  style=background:url( )><span class=\"watermark\">Cient\u00edfico<\/span>Comit\u00e9 Cient\u00edfico<\/h2>\n\t        <\/div><div class=\"description\"><p ><\/p>\n<div id=\"acfifjfajpekbmhmjppnmmjgmhjkildl\" class=\"acfifjfajpekbmhmjppnmmjgmhjkildl\"><\/div>\n<p><\/p><\/div><\/div>[vc_column_text]<\/p>\n<p style=\"text-align: center;\">Maria Lucia Frizon Rizzotto (Coordena\u00e7\u00e3o)<br \/>\n<em>Universidade Estadual do Oeste do Paran\u00e1<\/em><\/p>\n<p style=\"text-align: center;\">Ana Maria Costa<br \/>\n<em>Universidade do Distrito Federal<\/em><\/p>\n<p style=\"text-align: center;\"><span style=\"font-weight: 400;\">Carla Daniele Straub<br \/>\n<\/span><em>Universidade Federal do Paran\u00e1 <\/em><\/p>\n<p style=\"text-align: center;\"><span style=\"font-weight: 400;\">Claudia Beatriz Naranjo G\u00f3mez<br \/>\n<\/span><em>Universidad Nacional de Colombia<\/em><\/p>\n<p style=\"text-align: center;\"><span style=\"font-weight: 400;\">Jo\u00e3o Felipe Marques<br \/>\n<\/span><em>Universidade Estadual de Londrina<\/em><\/p>\n<p style=\"text-align: center;\"><span style=\"font-weight: 400;\">Jos\u00e9 Selig<br \/>\n<\/span><em>Universidad Aut\u00f3noma de Santo Domingo<\/em><\/p>\n<p style=\"text-align: center;\">Lenaura de Vasconcelos Costa Lobato<br \/>\n<em>Universidade Federal Fluminense<\/em><\/p>\n<p style=\"text-align: center;\">Lilian Welz<br \/>\n<em>Universidade Estadual do Oeste do Paran\u00e1<\/em><\/p>\n<p style=\"text-align: center;\">Michele Straub<br \/>\n<em>Universidade Federal do Paran\u00e1<\/em><\/p>\n<p style=\"text-align: center;\">Ronaldo Teodoro dos Santos <span style=\"font-weight: 400;\"><br \/>\n<\/span> <em>Instituto de Medicina Social, Universidade Estadual do Rio de Janeiro<\/em><\/p>\n<p style=\"text-align: center;\"><span style=\"font-weight: 400;\">Susan L\u00f3pez<br \/>\n<\/span><em>Universidad Nacional de La Plata<\/em><\/p>\n<div id=\"gtx-trans\" style=\"position: absolute; left: 109px; top: 734px;\">\n<div class=\"gtx-trans-icon\"><\/div>\n<\/div>\n<p>[\/vc_column_text][\/vc_column][\/vc_row][vc_row][vc_column]\n        <div class=\"rs-heading    center\">\n        \t<div class=\"title-inner\">\n\t            \n\t            <div class=\"title-img\"><img decoding=\"async\" src=\" \" \/><\/div>\n\t            <h2  style=background:url( )><span class=\"watermark\">Infraestructura<\/span>Comit\u00e9 de Infraestructura<\/h2>\n\t        <\/div><div class=\"description\"><p ><\/p>\n<div id=\"acfifjfajpekbmhmjppnmmjgmhjkildl\" class=\"acfifjfajpekbmhmjppnmmjgmhjkildl\"><\/div>\n<p><\/p><\/div><\/div>[vc_column_text]<\/p>\n<p style=\"text-align: center;\">Ana Tereza da Silva Pereira Camargo (Coordena\u00e7\u00e3o)<\/p>\n<p style=\"text-align: center;\">Cristina Santos<\/p>\n<p style=\"text-align: center;\">Giovanna Bueno Cinachi<\/p>\n<p>&nbsp;<\/p>\n<div id=\"acfifjfajpekbmhmjppnmmjgmhjkildl\" class=\"acfifjfajpekbmhmjppnmmjgmhjkildl\"><\/div>\n<p>[\/vc_column_text][\/vc_column][\/vc_row][vc_row][vc_column]\n        <div class=\"rs-heading    center\">\n        \t<div class=\"title-inner\">\n\t            \n\t            <div class=\"title-img\"><img decoding=\"async\" src=\" \" \/><\/div>\n\t            <h2  style=background:url( )><span class=\"watermark\">Comunicaciones<\/span>Comit\u00e9 de comunicaciones<\/h2>\n\t        <\/div><div class=\"description\"><p ><\/p>\n<div id=\"acfifjfajpekbmhmjppnmmjgmhjkildl\" class=\"acfifjfajpekbmhmjppnmmjgmhjkildl\"><\/div>\n<p><\/p><\/div><\/div>[vc_column_text]<\/p>\n<p style=\"text-align: center;\"><span style=\"font-weight: 400;\">Fernanda Regina da Cunha (Coordena\u00e7\u00e3o)<\/span><\/p>\n<p style=\"text-align: center;\"><span style=\"font-weight: 400;\">Francisco Barbosa<\/span><\/p>\n<p style=\"text-align: center;\">Gabriel Semerene Costa<\/p>\n<p style=\"text-align: center;\"><span style=\"font-weight: 400;\">Maria Clara Marques Fagundes<\/span><\/p>\n<p style=\"text-align: center;\"><span style=\"font-weight: 400;\">Rita Loureiro<\/span><\/p>\n<div id=\"gtx-trans\" style=\"position: absolute; left: -15px; top: -10px;\">\n<div class=\"gtx-trans-icon\"><\/div>\n<\/div>\n<p>[\/vc_column_text][\/vc_column][\/vc_row][vc_row][vc_column]\n        <div class=\"rs-heading    center\">\n        \t<div class=\"title-inner\">\n\t            \n\t            <div class=\"title-img\"><img decoding=\"async\" src=\" \" \/><\/div>\n\t            <h2  style=background:url( )><span class=\"watermark\">Comunicaciones<\/span>Comit\u00e9 de Proyectos y Finanzas<\/h2>\n\t        <\/div><div class=\"description\"><p ><\/p>\n<div id=\"acfifjfajpekbmhmjppnmmjgmhjkildl\" class=\"acfifjfajpekbmhmjppnmmjgmhjkildl\"><\/div>\n<p><\/p><\/div><\/div>[vc_column_text]<\/p>\n<p style=\"text-align: center;\">Ana Tereza da Silva Pereira Camargo (Coordena\u00e7\u00e3o)<\/p>\n<p style=\"text-align: center;\"><span style=\"font-weight: 400;\">Cristina Maria Vieira de Almeida\u00a0Santos<\/span><\/p>\n<p style=\"text-align: center;\"><span style=\"font-weight: 400;\">Jo\u00e3o M\u00e1rio da Silva Pereira Sobrinho<\/span><\/p>\n<div id=\"gtx-trans\" style=\"position: absolute; left: 97px; top: -10px;\">\n<div class=\"gtx-trans-icon\"><\/div>\n<\/div>\n<p>[\/vc_column_text][\/vc_column][\/vc_row][vc_row][vc_column]\n        <div class=\"rs-heading    center\">\n        \t<div class=\"title-inner\">\n\t            \n\t            <div class=\"title-img\"><img decoding=\"async\" src=\" \" \/><\/div>\n\t            <h2  style=background:url( )><span class=\"watermark\">Precongreso<\/span>Comit\u00e9 de Precongreso<\/h2>\n\t        <\/div><div class=\"description\"><p ><\/p>\n<div id=\"acfifjfajpekbmhmjppnmmjgmhjkildl\" class=\"acfifjfajpekbmhmjppnmmjgmhjkildl\"><\/div>\n<p><\/p><\/div><\/div>[vc_column_text]<\/p>\n<p style=\"text-align: center;\"><span style=\"font-weight: 400;\">Andr\u00e9 Luiz da Silva Lima (Coordena\u00e7\u00e3o)<\/span><\/p>\n<p style=\"text-align: center;\"><span style=\"font-weight: 400;\">Ana Maria Costa\u00a0<\/span><\/p>\n<p style=\"text-align: center;\"><span style=\"font-weight: 400;\">Lenaura de Vasconcelos Costa Lobato<\/span><\/p>\n<p style=\"text-align: center;\"><span style=\"font-weight: 400;\">Maria L\u00facia Freitas<\/span><\/p>\n<div id=\"gtx-trans\" style=\"position: absolute; left: -10px; top: -10px;\">\n<div class=\"gtx-trans-icon\"><\/div>\n<\/div>\n<p>[\/vc_column_text][\/vc_column][\/vc_row][vc_row][vc_column]\n        <div class=\"rs-heading    center\">\n        \t<div class=\"title-inner\">\n\t            \n\t            <div class=\"title-img\"><img decoding=\"async\" src=\" \" \/><\/div>\n\t            <h2  style=background:url( )><span class=\"watermark\">Cultura<\/span>Comit\u00e9 de Cultura y Ocio<\/h2>\n\t        <\/div><div class=\"description\"><p ><\/p>\n<div id=\"acfifjfajpekbmhmjppnmmjgmhjkildl\" class=\"acfifjfajpekbmhmjppnmmjgmhjkildl\"><\/div>\n<p><\/p><\/div><\/div>[vc_column_text]<\/p>\n<p style=\"text-align: center;\"><span style=\"font-weight: 400;\">Nilza Rog\u00e9ria de Andrade Nunes (Coordinaci\u00f3n)<\/span><\/p>\n<p style=\"text-align: center;\"><span style=\"font-weight: 400;\">Carlos Fidelis da Ponte<\/span><\/p>\n<div id=\"gtx-trans\" style=\"position: absolute; left: 63px; top: -10px;\">\n<div class=\"gtx-trans-icon\"><\/div>\n<\/div>\n<p>[\/vc_column_text][\/vc_column][\/vc_row][vc_row][vc_column]\n        <div class=\"rs-heading    center\">\n        \t<div class=\"title-inner\">\n\t            \n\t            <div class=\"title-img\"><img decoding=\"async\" src=\" \" \/><\/div>\n\t            <h2  style=background:url( )><span class=\"watermark\">Secretar\u00eda<\/span>Secretar\u00eda<\/h2>\n\t        <\/div><div class=\"description\"><p ><\/p>\n<div id=\"acfifjfajpekbmhmjppnmmjgmhjkildl\" class=\"acfifjfajpekbmhmjppnmmjgmhjkildl\"><\/div>\n<p><\/p><\/div><\/div>[vc_column_text]<\/p>\n<p style=\"text-align: center;\"><span style=\"font-weight: 400;\">Gabriel Semerene (Secretario Ejecutivo)<\/span><\/p>\n<p style=\"text-align: center;\"><span style=\"font-weight: 400;\">Guilherme Rabelo<\/span><\/p>\n<p>[\/vc_column_text][vc_empty_space height=&#8221;52px&#8221;][\/vc_column][\/vc_row][vc_row][vc_column width=&#8221;1\/2&#8243;][vc_column_text]<\/p>\n<h5 style=\"text-align: center;\">DESIGN<\/h5>\n<p>[\/vc_column_text][vc_single_image image=&#8221;4974&#8243; img_size=&#8221;250&#215;68&#8243; alignment=&#8221;center&#8221;][\/vc_column][vc_column width=&#8221;1\/2&#8243;][vc_column_text]<\/p>\n<h5 style=\"text-align: center;\">PRODUCCI\u00d3N<\/h5>\n<p>[\/vc_column_text][vc_single_image image=&#8221;4970&#8243; img_size=&#8221;350&#215;43&#8243; alignment=&#8221;center&#8221;][\/vc_column][\/vc_row]<\/p>\n<\/div>","protected":false},"excerpt":{"rendered":"<p>[vc_row][vc_column][vc_column_text] Ana Maria Costa (Coordena\u00e7\u00e3o Geral) Universidade do Distrito Federal [Curr\u00edculo Lattes] Ana Tereza da Silva Pereira Camargo Centro Brasileiro de Estudos&#8230;<\/p>\n","protected":false},"author":1,"featured_media":0,"parent":0,"menu_order":0,"comment_status":"closed","ping_status":"closed","template":"","meta":{"_acf_changed":false,"nf_dc_page":"","footnotes":""},"class_list":["post-4334","page","type-page","status-publish","hentry"],"acf":[],"_links":{"self":[{"href":"https:\/\/congresso.alames.org\/es\/wp-json\/wp\/v2\/pages\/4334","targetHints":{"allow":["GET"]}}],"collection":[{"href":"https:\/\/congresso.alames.org\/es\/wp-json\/wp\/v2\/pages"}],"about":[{"href":"https:\/\/congresso.alames.org\/es\/wp-json\/wp\/v2\/types\/page"}],"author":[{"embeddable":true,"href":"https:\/\/congresso.alames.org\/es\/wp-json\/wp\/v2\/users\/1"}],"replies":[{"embeddable":true,"href":"https:\/\/congresso.alames.org\/es\/wp-json\/wp\/v2\/comments?post=4334"}],"version-history":[{"count":6,"href":"https:\/\/congresso.alames.org\/es\/wp-json\/wp\/v2\/pages\/4334\/revisions"}],"predecessor-version":[{"id":5382,"href":"https:\/\/congresso.alames.org\/es\/wp-json\/wp\/v2\/pages\/4334\/revisions\/5382"}],"wp:attachment":[{"href":"https:\/\/congresso.alames.org\/es\/wp-json\/wp\/v2\/media?parent=4334"}],"curies":[{"name":"wp","href":"https:\/\/api.w.org\/{rel}","templated":true}]}}