{"id":4343,"date":"2024-09-27T03:04:42","date_gmt":"2024-09-27T06:04:42","guid":{"rendered":"https:\/\/congresso.alames.org\/por-la-democracia-los-derechos-sociales-y-la-salud-retomar-el-camino-de-la-determinacion-social-y-la-soberania-de-los-pueblos\/"},"modified":"2025-07-30T02:10:31","modified_gmt":"2025-07-30T05:10:31","slug":"por-la-democracia-los-derechos-sociales-y-la-salud-retomar-el-camino-de-la-determinacion-social-y-la-soberania-de-los-pueblos","status":"publish","type":"page","link":"https:\/\/congresso.alames.org\/es\/por-la-democracia-los-derechos-sociales-y-la-salud-retomar-el-camino-de-la-determinacion-social-y-la-soberania-de-los-pueblos\/","title":{"rendered":"Por la democracia, los derechos sociales y la salud: retomar el camino de la determinaci\u00f3n social y la soberan\u00eda de los pueblos"},"content":{"rendered":"<div class=\"wpb-content-wrapper\"><p>[vc_row content_placement=&#8221;top&#8221;][vc_column width=&#8221;1\/2&#8243;][vc_column_text]La Asociaci\u00f3n Latinoamericana de Medicina Social (ALAMES) fue fundada hace 40 a\u00f1os, en Ouro Preto \u2013 Minas Gerais, Brasil, como producto de la confluencia entre el pensamiento cr\u00edtico en salud, la acci\u00f3n en defensa del derecho a la salud y la creaci\u00f3n de sistemas de salud p\u00fablicos y universales.<\/p>\n<p>Alames es una organizaci\u00f3n no institucionalizada que promueve el campo de la Medicina Social y la Salud Colectiva en Am\u00e9rica Latina y tiene cap\u00edtulos en todos los pa\u00edses del continente, manteniendo una fruct\u00edfera actividad en la formaci\u00f3n de profesionales y l\u00edderes activistas en salud.\u00a0En Brasil, el Centro Brasile\u00f1o de Estudios de la Salud (Cebes) participa en Alames desde su fundaci\u00f3n y es el \u00f3rgano representativo (cap\u00edtulo) de la asociaci\u00f3n en Brasil.<\/p>\n<p>El Congreso Latinoamericano de Medicina Social y Salud Colectiva va por su 18\u00aa edici\u00f3n y se ha convertido en uno de los principales encuentros realizados en la regi\u00f3n. Se lleva a cabo cada dos a\u00f1os, de forma rotativa, en los pa\u00edses de Am\u00e9rica Latina. En 2025, Brasil acoger\u00e1 el evento, y el Centro Brasile\u00f1o de Estudios de la Salud (Cebes) tendr\u00e1 la tarea y la responsabilidad de organizarlo en la ciudad de R\u00edo de Janeiro, en el campus de la Universidad Estatal de R\u00edo de Janeiro (UERJ).[\/vc_column_text][\/vc_column][vc_column width=&#8221;1\/2&#8243;][vc_column_text]El tema central gu\u00eda todos los debates y la estructuraci\u00f3n de los ejes tem\u00e1ticos.<br \/>\nEl desarrollo del tema se refleja en los ejes dise\u00f1ados para ampliar las posibilidades de su enfoque:<\/p>\n<p><strong>CAPITALISMO Y SALUD:<\/strong> An\u00e1lisis cr\u00edtico de la relaci\u00f3n entre el sistema capitalista y su impacto en la salud de la poblaci\u00f3n.<\/p>\n<p><strong>SOBERAN\u00cdA Y DESCOLONIZACI\u00d3N:<\/strong>Analizar la cuesti\u00f3n de la soberan\u00eda sanitaria y los esfuerzos por descolonizar los enfoques y pr\u00e1cticas m\u00e9dicas y de salud.<\/p>\n<p><strong>DERECHOS SOCIALES:<\/strong> Discusi\u00f3n sobre la promoci\u00f3n y garant\u00eda de los derechos sociales como base para la equidad en salud.<\/p>\n<p><strong>SALUD Y DEMOCRACIA:<\/strong> Reflexi\u00f3n sobre la intersecci\u00f3n entre salud colectiva y principios democr\u00e1ticos, destacando desaf\u00edos y oportunidades.<\/p>\n<p><strong>DETERMINACI\u00d3N SOCIAL DE LA SALUD:<\/strong> Abordar las determinaciones sociales, econ\u00f3micas y ambientales que influyen y establecen el estado de salud, reconociendo la complejidad de estas interacciones.<\/p>\n<p><strong>POL\u00cdTICAS Y MODELO DE ATENCI\u00d3N EN SALUD:<\/strong>Principios \u00e9ticos, pol\u00edticos y organizativos a adoptar en la construcci\u00f3n de sistemas de salud universales y decoloniales.[\/vc_column_text][\/vc_column][\/vc_row][vc_row full_width=&#8221;stretch_row&#8221; css=&#8221;.vc_custom_1727406757138{background: #04047d url(https:\/\/congresso.alames.org\/wp-content\/uploads\/2024\/09\/inner_UERJ-1.jpg?id=3903) !important;}&#8221;][vc_column width=&#8221;1\/2&#8243;]\n\t\t\t<div class=\"rs-services-style3 services-center  \"><div class=\"bg-img\" style=\"background-image: url( );\"><\/div><div class=\"services-item\">\n\t\t\t\t    <div class=\"services-icon\">\n\t\t\t\t        <i class=\"vc_icon_element-icon far fa-calendar-alt\"><\/i>\n\t\t\t\t    <\/div>\n\t\t\t\t    <div class=\"services-desc\" >\n\t\t\t\t        <h4 class=\"services-title\"><a   style=\"color: #ffffff\">Del 4 al 8 de agosto de 2025<\/a><\/h4>\n\t\t\t\t        <p  style=\"color: #ffffff\">Precongreso 4 y 5 de agosto 5025<\/p>\n<div id=\"acfifjfajpekbmhmjppnmmjgmhjkildl\" class=\"acfifjfajpekbmhmjppnmmjgmhjkildl\"><\/div>\n<p> <\/p>\n\t\t\t\t    <\/div>\n\t\t\t\t<\/div>\n\t\t\t<\/div>\n\t\t\t[\/vc_column][vc_column width=&#8221;1\/2&#8243;]\n\t\t\t<div class=\"rs-services-style3 services-center  \"><div class=\"bg-img\" style=\"background-image: url( );\"><\/div><div class=\"services-item\">\n\t\t\t\t    <div class=\"services-icon\">\n\t\t\t\t        <i class=\"vc_icon_element-icon fas fa-map-marker-alt\"><\/i>\n\t\t\t\t    <\/div>\n\t\t\t\t    <div class=\"services-desc\" >\n\t\t\t\t        <h4 class=\"services-title\"><a   style=\"color: #ffffff\">Universidad Estatal de R\u00edo de Janeiro (UERJ)<\/a><\/h4>\n\t\t\t\t        <p  style=\"color: #ffffff\">R. S\u00e3o Francisco Xavier, 524 &#8211; Maracan\u00e3, R\u00edo de Janeiro, Brasil <\/p>\n\t\t\t\t    <\/div>\n\t\t\t\t<\/div>\n\t\t\t<\/div>\n\t\t\t[\/vc_column][\/vc_row][vc_row][vc_column]\n        <div class=\"rs-heading style5   center\">\n        \t<div class=\"title-inner\">\n\t            \n\t            <div class=\"title-img\"><img decoding=\"async\" src=\" \" \/><\/div>\n\t            <h2  style=background:url( )><span class=\"watermark\">Ejes<\/span>Ejes Tem\u00e1ticos y Subejes<\/h2>\n\t        <\/div><\/div>[\/vc_column][vc_column width=&#8221;1\/2&#8243;][vc_column_text]<\/p>\n<h4><strong>EJE 1 &#8211; CAPITALISMO Y SALUD: <\/strong><\/h4>\n<p>An\u00e1lisis cr\u00edtico de las relaciones entre el sistema capitalista y sus impactos en la salud de la poblaci\u00f3n.\u00a0Este eje abordar\u00e1 temas centrales como la cooperaci\u00f3n internacional para enfrentar las amenazas a la salud global y pandemias, asegurando una respuesta eficiente y equitativa entre los pa\u00edses, as\u00ed como los impactos del cambio clim\u00e1tico en la salud y el desarrollo de estrategias de adaptaci\u00f3n y mitigaci\u00f3n.<\/p>\n<p><strong>Subejes:<\/strong><\/p>\n<ol>\n<li>Capitalismo y Salud\/Pandemias y salud global<\/li>\n<li>Capitalismo y Salud\/Cambio clim\u00e1tico y salud<\/li>\n<li>Capitalismo y Salud\/Trabajo, precariedad y salud<\/li>\n<li>Capitalismo y Salud\/Complejo m\u00e9dico-industrial (CEI)<\/li>\n<li>Capitalismo y Salud\/P\u00fablico y privado: relaciones y tensiones<\/li>\n<li>Capitalismo y Salud\/Financiarizaci\u00f3n de la asistencia sanitaria<\/li>\n<li>Capitalismo y Salud\/Financiaci\u00f3n de la salud<\/li>\n<\/ol>\n<div id=\"acfifjfajpekbmhmjppnmmjgmhjkildl\" class=\"acfifjfajpekbmhmjppnmmjgmhjkildl\"><\/div>\n<p>[\/vc_column_text][\/vc_column][vc_column width=&#8221;1\/2&#8243;][vc_column_text]<\/p>\n<h4><strong>EJE 2 &#8211; SOBERAN\u00cdA Y DESCOLONIZACI\u00d3N DE LA SALUD:<\/strong><\/h4>\n<p>Analizar la cuesti\u00f3n de la soberan\u00eda sanitaria y los esfuerzos por descolonizar los enfoques y pr\u00e1cticas m\u00e9dicas y de salud. Debatir c\u00f3mo integrar los avances tecnol\u00f3gicos de manera accesible, garantizando que las innovaciones beneficien a todos, no solo a unos pocos grupos privilegiados. En tiempos de salud digital, es fundamental analizar la seguridad y privacidad de los datos de salud, promoviendo la integraci\u00f3n efectiva de los sistemas de informaci\u00f3n.<\/p>\n<p><strong>Subejes:<\/strong><\/p>\n<ol>\n<li>Soberan\u00eda y Descolonizaci\u00f3n de la Salud\/Tecnolog\u00eda y innovaci\u00f3n en salud<\/li>\n<li>Soberan\u00eda y Descolonizaci\u00f3n de la Salud\/Tecnolog\u00eda de la informaci\u00f3n sanitaria<\/li>\n<li>Soberan\u00eda y Descolonizaci\u00f3n de la Salud\/Seguridad alimentaria y nutricional<\/li>\n<li>Soberan\u00eda y Descolonizaci\u00f3n de la Salud\/Modelo de producci\u00f3n agr\u00edcola, pesticidas y salud<\/li>\n<li>Soberan\u00eda y Descolonizaci\u00f3n de la Salud\/Colonizaci\u00f3n, guerra y salud<\/li>\n<li>Soberan\u00eda y Descolonizaci\u00f3n de la Salud\/Bio\u00e9tica y justicia social<\/li>\n<\/ol>\n<p>&nbsp;<\/p>\n<div id=\"acfifjfajpekbmhmjppnmmjgmhjkildl\" class=\"acfifjfajpekbmhmjppnmmjgmhjkildl\"><\/div>\n<p>[\/vc_column_text][\/vc_column][vc_column width=&#8221;1\/2&#8243;][vc_column_text]<\/p>\n<h4><strong>Eje 3 &#8211; DERECHOS SOCIALES Y EQUIDAD EN SALUD:<\/strong><\/h4>\n<p>Discusi\u00f3n sobre la promoci\u00f3n y garant\u00eda de los derechos sociales como base para la equidad en salud. Es urgente reflexionar sobre la necesidad de adaptar los sistemas de salud para satisfacer las crecientes necesidades de una poblaci\u00f3n que envejece, centr\u00e1ndose en los cuidados a largo plazo.<strong>\u00a0<\/strong><\/p>\n<p><strong>Subejes:<\/strong><\/p>\n<ol>\n<li>Derechos Sociales y Equidad en Salud\/Pol\u00edticas econ\u00f3micas para los derechos sociales<\/li>\n<li>Derechos Sociales y Equidad en Salud\/Protecci\u00f3n y seguridad social<\/li>\n<li>Derechos Sociales y Equidad en Salud\/Sistemas nacionales de salud y acceso universal<\/li>\n<li>Derechos Sociales y Equidad en Salud\/Derechos sexuales y reproductivos<\/li>\n<li>Derechos Sociales y Equidad en Salud\/Envejecimiento de la poblaci\u00f3n y salud<\/li>\n<li>Derechos Sociales y Equidad en Salud\/Trabajo, seguridad y derechos<\/li>\n<\/ol>\n<div id=\"acfifjfajpekbmhmjppnmmjgmhjkildl\" class=\"acfifjfajpekbmhmjppnmmjgmhjkildl\"><\/div>\n<p>[\/vc_column_text][\/vc_column][vc_column width=&#8221;1\/2&#8243;][vc_column_text]<\/p>\n<h4><strong>Eje 4 &#8211; SALUD Y DEMOCRACIA:<\/strong><\/h4>\n<p>Reflexi\u00f3n sobre la intersecci\u00f3n entre salud colectiva y principios democr\u00e1ticos, destacando desaf\u00edos y oportunidades. Reflexionar sobre c\u00f3mo fortalecer la participaci\u00f3n activa de las comunidades en la gesti\u00f3n y decisiones relacionadas con la salud, promoviendo un enfoque m\u00e1s centrado en la persona.<\/p>\n<p><strong>Subejes:<\/strong><\/p>\n<ol>\n<li>Salud y Democracia\/Democracia participativa, participaci\u00f3n social y poder popular en salud<\/li>\n<li>Salud y Democracia\/Poder en el territorio: milicias, drogas y religi\u00f3n<\/li>\n<li>Salud y Democracia\/Conciencia de poder, pol\u00edtica y salud<\/li>\n<li>Salud y Democracia\/Identidades y identitarismo<\/li>\n<li>Salud y Democracia\/Derechos de los usuarios de la asistencia sanitaria<\/li>\n<li>Salud y Democracia\/Participaci\u00f3n social y salud<\/li>\n<\/ol>\n<div id=\"acfifjfajpekbmhmjppnmmjgmhjkildl\" class=\"acfifjfajpekbmhmjppnmmjgmhjkildl\"><\/div>\n<p>[\/vc_column_text][vc_empty_space height=&#8221;55px&#8221;][\/vc_column][vc_column width=&#8221;1\/2&#8243;][vc_column_text]<\/p>\n<h4><strong>Eje 5 &#8211; DETERMINACI\u00d3N SOCIAL DE LA SALUD:<\/strong><\/h4>\n<p>Abordar las determinaciones sociales, econ\u00f3micas y ambientales que influyen y establecen el estado de salud, reconociendo la complejidad de estas interacciones. Analizar nuevas estrategias para abordar las disparidades econ\u00f3micas que impactan la salud y el acceso a los servicios de salud, buscando la equidad.<\/p>\n<p><strong>Subejes:<\/strong><\/p>\n<ol>\n<li>Determinaci\u00f3n Social de la Salud\/Desigualdades sociales, territorios y poblaciones vulnerables<\/li>\n<li>Determinaci\u00f3n Social de la Salud\/Violencia y salud<\/li>\n<li>Determinaci\u00f3n Social de la Salud\/Racismo y salud<\/li>\n<li>Determinaci\u00f3n Social de la Salud\/Salud mental<\/li>\n<li>Determinaci\u00f3n Social de la Salud\/G\u00e9nero y salud<\/li>\n<li>Determinaci\u00f3n Social de la Salud\/Interseccionalidad y salud<\/li>\n<li>Determinaci\u00f3n Social de la Salud\/Determinaci\u00f3n social: evidencia y actualidad<\/li>\n<\/ol>\n<p>&nbsp;<\/p>\n<div id=\"gtx-trans\" style=\"position: absolute; left: 366px; top: 216.531px;\">\n<div class=\"gtx-trans-icon\"><\/div>\n<\/div>\n<div id=\"acfifjfajpekbmhmjppnmmjgmhjkildl\" class=\"acfifjfajpekbmhmjppnmmjgmhjkildl\"><\/div>\n<p>[\/vc_column_text][\/vc_column][vc_column width=&#8221;1\/2&#8243;][vc_column_text]<\/p>\n<h4><strong>Eje 6 &#8211; POL\u00cdTICAS Y MODELO DE ATENCI\u00d3N EN SALUD:\u00a0<\/strong><\/h4>\n<p>Principios \u00e9ticos, pol\u00edticos y organizativos a adoptar en la construcci\u00f3n de sistemas de salud universales y decoloniales.<\/p>\n<p><strong>Subejes:<\/strong><\/p>\n<ol>\n<li>Pol\u00edticas y Modelo de Atenci\u00f3n en Salud\/Salud y pol\u00edtica de cuidados.<\/li>\n<li>Pol\u00edticas y Modelo de Atenci\u00f3n en Salud\/Ciencia, cultura y conocimiento<\/li>\n<li>Pol\u00edticas y Modelo de Atenci\u00f3n en Salud\/Redes de atenci\u00f3n integral en salud<\/li>\n<li>Pol\u00edticas y Modelo de Atenci\u00f3n en Salud\/Atenci\u00f3n primaria de salud<\/li>\n<li>Pol\u00edticas y Modelo de Atenci\u00f3n en Salud\/Cuidados paliativos<\/li>\n<li>Pol\u00edticas y Modelo de Atenci\u00f3n en Salud\/Descolonizaci\u00f3n de la atenci\u00f3n sanitaria<\/li>\n<li style=\"list-style-type: none;\"><\/li>\n<\/ol>\n<div id=\"acfifjfajpekbmhmjppnmmjgmhjkildl\" class=\"acfifjfajpekbmhmjppnmmjgmhjkildl\"><\/div>\n<p>&nbsp;<\/p>\n<div id=\"gtx-trans\" style=\"position: absolute; left: -6px; top: 336.531px;\">\n<div class=\"gtx-trans-icon\"><\/div>\n<\/div>\n<p>[\/vc_column_text][\/vc_column][\/vc_row]<\/p>\n<\/div>","protected":false},"excerpt":{"rendered":"<p>[vc_row content_placement=&#8221;top&#8221;][vc_column width=&#8221;1\/2&#8243;][vc_column_text]La Asociaci\u00f3n Latinoamericana de Medicina Social (ALAMES) fue fundada hace 40 a\u00f1os, en Ouro Preto \u2013 Minas Gerais, Brasil, como&#8230;<\/p>\n","protected":false},"author":1,"featured_media":0,"parent":0,"menu_order":0,"comment_status":"closed","ping_status":"closed","template":"","meta":{"_acf_changed":false,"nf_dc_page":"","footnotes":""},"class_list":["post-4343","page","type-page","status-publish","hentry"],"acf":[],"_links":{"self":[{"href":"https:\/\/congresso.alames.org\/es\/wp-json\/wp\/v2\/pages\/4343","targetHints":{"allow":["GET"]}}],"collection":[{"href":"https:\/\/congresso.alames.org\/es\/wp-json\/wp\/v2\/pages"}],"about":[{"href":"https:\/\/congresso.alames.org\/es\/wp-json\/wp\/v2\/types\/page"}],"author":[{"embeddable":true,"href":"https:\/\/congresso.alames.org\/es\/wp-json\/wp\/v2\/users\/1"}],"replies":[{"embeddable":true,"href":"https:\/\/congresso.alames.org\/es\/wp-json\/wp\/v2\/comments?post=4343"}],"version-history":[{"count":5,"href":"https:\/\/congresso.alames.org\/es\/wp-json\/wp\/v2\/pages\/4343\/revisions"}],"predecessor-version":[{"id":8504,"href":"https:\/\/congresso.alames.org\/es\/wp-json\/wp\/v2\/pages\/4343\/revisions\/8504"}],"wp:attachment":[{"href":"https:\/\/congresso.alames.org\/es\/wp-json\/wp\/v2\/media?parent=4343"}],"curies":[{"name":"wp","href":"https:\/\/api.w.org\/{rel}","templated":true}]}}