{"id":8915,"date":"2025-08-02T16:00:34","date_gmt":"2025-08-02T19:00:34","guid":{"rendered":"https:\/\/congresso.alames.org\/nuestro-congreso-en-la-prensa\/"},"modified":"2025-08-02T21:58:05","modified_gmt":"2025-08-03T00:58:05","slug":"nuestro-congreso-en-la-prensa","status":"publish","type":"page","link":"https:\/\/congresso.alames.org\/es\/nuestro-congreso-en-la-prensa\/","title":{"rendered":"Nuestro congreso en la prensa"},"content":{"rendered":"<div class=\"wpb-content-wrapper\"><p>[vc_row][vc_column][vc_column_text]<\/p>\n<h4 style=\"text-align: center;\"><em>En esta secci\u00f3n hemos reunido reportajes, entrevistas, v\u00eddeos y art\u00edculos que destacan la presencia del 18\u00ba Congreso de ALAMES en los medios de comunicaci\u00f3n. Comprueba c\u00f3mo los debates, las propuestas y las voces de la salud colectiva latinoamericana resuenan en los medios de comunicaci\u00f3n y ampl\u00edan el alcance de las luchas por la democracia, los derechos sociales y la soberan\u00eda de los pueblos. <\/em><\/h4>\n<p>&nbsp;<\/p>\n<p>[\/vc_column_text][\/vc_column][\/vc_row][vc_row][vc_column][vc_masonry_grid post_type=&#8221;post&#8221; max_items=&#8221;10&#8243; style=&#8221;lazy&#8221; item=&#8221;masonryGrid_FadeIn&#8221; grid_id=&#8221;vc_gid:1754171799486-ec22e05e-8c02-6&#8243; taxonomies=&#8221;87&#8243;][\/vc_column][\/vc_row]<\/p>\n<\/div>","protected":false},"excerpt":{"rendered":"<p>[vc_row][vc_column][vc_column_text] En esta secci\u00f3n hemos reunido reportajes, entrevistas, v\u00eddeos y art\u00edculos que destacan la presencia del 18\u00ba Congreso de ALAMES en los&#8230;<\/p>\n","protected":false},"author":5,"featured_media":0,"parent":0,"menu_order":0,"comment_status":"closed","ping_status":"closed","template":"","meta":{"_acf_changed":false,"nf_dc_page":"","footnotes":""},"class_list":["post-8915","page","type-page","status-publish","hentry"],"acf":[],"_links":{"self":[{"href":"https:\/\/congresso.alames.org\/es\/wp-json\/wp\/v2\/pages\/8915","targetHints":{"allow":["GET"]}}],"collection":[{"href":"https:\/\/congresso.alames.org\/es\/wp-json\/wp\/v2\/pages"}],"about":[{"href":"https:\/\/congresso.alames.org\/es\/wp-json\/wp\/v2\/types\/page"}],"author":[{"embeddable":true,"href":"https:\/\/congresso.alames.org\/es\/wp-json\/wp\/v2\/users\/5"}],"replies":[{"embeddable":true,"href":"https:\/\/congresso.alames.org\/es\/wp-json\/wp\/v2\/comments?post=8915"}],"version-history":[{"count":2,"href":"https:\/\/congresso.alames.org\/es\/wp-json\/wp\/v2\/pages\/8915\/revisions"}],"predecessor-version":[{"id":8917,"href":"https:\/\/congresso.alames.org\/es\/wp-json\/wp\/v2\/pages\/8915\/revisions\/8917"}],"wp:attachment":[{"href":"https:\/\/congresso.alames.org\/es\/wp-json\/wp\/v2\/media?parent=8915"}],"curies":[{"name":"wp","href":"https:\/\/api.w.org\/{rel}","templated":true}]}}