{"id":9685,"date":"2025-08-14T19:49:32","date_gmt":"2025-08-14T22:49:32","guid":{"rendered":"https:\/\/congresso.alames.org\/como-acceder-a-mis-certificados\/"},"modified":"2025-08-14T20:10:24","modified_gmt":"2025-08-14T23:10:24","slug":"como-acceder-a-mis-certificados","status":"publish","type":"page","link":"https:\/\/congresso.alames.org\/es\/como-acceder-a-mis-certificados\/","title":{"rendered":"\u00bfC\u00f3mo acceder a mis certificados?"},"content":{"rendered":"\n<p class=\"\">Los certificados de participaci\u00f3n incluyen el precongreso (d\u00edas 4 y 5 de agosto) y el Congreso (d\u00edas 5 a 8 de agosto). Un certificado aparte (certificado de precongreso) est\u00e1 disponible para quienes participaron <strong>\u00fanicamente <\/strong>en el precongreso (d\u00edas 4 y 5 de agosto) como oyentes.  <\/p>\n\n\n\n<p class=\"\"><strong>\u00bfC\u00f3mo acceder a mis certificados? <\/strong><\/p>\n\n\n\n<p class=\"\">Todos los certificados (participaci\u00f3n, precongreso, presentaci\u00f3n de trabajos, etc.) est\u00e1n disponibles en la plataforma Even3. <\/p>\n\n\n\n<p class=\"\">Acceda a: <a href=\"https:\/\/www.even3.com.br\/certificate\/\"><strong>https:\/\/www.even3.com.br\/certificate\/<\/strong><\/a> <\/p>\n\n\n\n<p class=\"\">o<\/p>\n\n\n\n<p class=\"\">1. Inicie sesi\u00f3n en su perfil de Even3 (\u00c1rea del Participante) y seleccione el XVIII Congreso Latinoamericano de Medicina Social y Salud Colectiva;<\/p>\n\n\n\n<p class=\"\">2. Haga clic en el men\u00fa \u201cCertificados\u201d;<\/p>\n\n\n\n<p class=\"\">3. Haga clic en \u201c<strong>Descargar certificado<\/strong>\u201d.<\/p>\n\n\n\n<p class=\"\"><strong>Mi nombre o el nombre de un(a) autor(a) de mi trabajo est\u00e1 mal en el certificado. \u00bfC\u00f3mo corregirlo?  <\/strong><\/p>\n\n\n\n<p class=\"\">Acceda a su perfil de Even3 y <a href=\"https:\/\/ajuda.even3.com.br\/hc\/pt-br\/articles\/360037333672-Alterar-dados-do-meu-perfil\">modifique el nombre en el \u00e1rea \u201cDatos personales\u201d.<\/a> <\/p>\n\n\n\n<p class=\"\"><strong>\u00bfPor qu\u00e9 mi nombre aparece dos veces como autor en el certificado de presentaci\u00f3n de trabajo? <\/strong><\/p>\n\n\n\n<p class=\"\">Esto ocurre cuando el\/la autor(a) principal envi\u00f3 el trabajo con una direcci\u00f3n de correo electr\u00f3nico, pero se inscribi\u00f3 en el Congreso con otra. La cuenta inscrita se a\u00f1ade a la lista de autores, pero no es posible eliminar la cuenta del autor principal. Lamentablemente, en este caso no es posible realizar modificaciones. Aseg\u00farese de inscribirse siempre con el mismo correo electr\u00f3nico usado en el env\u00edo del trabajo en eventos futuros.    <\/p>\n\n\n\n<p class=\"\"><strong><strong>No recib\u00ed mi certificado de presentaci\u00f3n de trabajo.<\/strong><\/strong><\/p>\n\n\n\n<p class=\"\">Si no ha recibido el certificado de presentaci\u00f3n de trabajo, escriba a\u00a0<a href=\"mailto:congresso@alames.org\">congresso@alames.org<\/a>\u00a0indicando el t\u00edtulo del trabajo, su nombre completo (tal como aparece en la presentaci\u00f3n del trabajo) y el correo electr\u00f3nico con el que lo envi\u00f3.<\/p>\n","protected":false},"excerpt":{"rendered":"<p>Los certificados de participaci\u00f3n incluyen el precongreso (d\u00edas 4 y 5 de agosto) y el Congreso (d\u00edas 5 a 8 de agosto)&#8230;.<\/p>\n","protected":false},"author":5,"featured_media":0,"parent":0,"menu_order":0,"comment_status":"closed","ping_status":"closed","template":"","meta":{"_acf_changed":false,"nf_dc_page":"","footnotes":""},"class_list":["post-9685","page","type-page","status-publish","hentry"],"acf":[],"_links":{"self":[{"href":"https:\/\/congresso.alames.org\/es\/wp-json\/wp\/v2\/pages\/9685","targetHints":{"allow":["GET"]}}],"collection":[{"href":"https:\/\/congresso.alames.org\/es\/wp-json\/wp\/v2\/pages"}],"about":[{"href":"https:\/\/congresso.alames.org\/es\/wp-json\/wp\/v2\/types\/page"}],"author":[{"embeddable":true,"href":"https:\/\/congresso.alames.org\/es\/wp-json\/wp\/v2\/users\/5"}],"replies":[{"embeddable":true,"href":"https:\/\/congresso.alames.org\/es\/wp-json\/wp\/v2\/comments?post=9685"}],"version-history":[{"count":2,"href":"https:\/\/congresso.alames.org\/es\/wp-json\/wp\/v2\/pages\/9685\/revisions"}],"predecessor-version":[{"id":9688,"href":"https:\/\/congresso.alames.org\/es\/wp-json\/wp\/v2\/pages\/9685\/revisions\/9688"}],"wp:attachment":[{"href":"https:\/\/congresso.alames.org\/es\/wp-json\/wp\/v2\/media?parent=9685"}],"curies":[{"name":"wp","href":"https:\/\/api.w.org\/{rel}","templated":true}]}}